{"id":4909,"date":"2020-04-26T22:56:49","date_gmt":"2020-04-26T20:56:49","guid":{"rendered":"http:\/\/www.terratec.com.bo\/?post_type=product&#038;p=4909"},"modified":"2025-04-27T15:15:09","modified_gmt":"2025-04-27T13:15:09","slug":"valoradores-de-karl-fischer","status":"publish","type":"product","link":"http:\/\/www.terratec.com.bo\/?product=valoradores-de-karl-fischer","title":{"rendered":"Valoradores de Karl-Fischer"},"content":{"rendered":"<h2 style=\"text-align: left;\"><span style=\"color: #e8b210;\"><strong>MODELOS DISPONIBLES:<\/strong><\/span><\/h2>\n<h4 style=\"text-align: left;\"><span style=\"color: #ff0000;\">Valorador volum\u00e9trico\u00a0<\/span><\/h4>\n<ol style=\"text-align: left;\">\n<li>\n<h6>Valorador volum\u00e9trico KF V10S Compact: <span style=\"color: #999999;\">El valorador volum\u00e9trico KF V10S es ideal para una r\u00e1pida y precisa determinaci\u00f3n del contenido de agua con un funcionamiento muy sencillo. Las muestras con contenido de agua comprendido entre 100 ppm y 100\u00a0% son analizadas con determinaciones individuales o en series de muestras con estad\u00edsticas.<\/span><\/h6>\n<\/li>\n<li>\n<h6>Titrator Compact V20S:<span style=\"color: #999999;\"> El V20S ampl\u00eda su usabilidad con el mismo dise\u00f1o compacto de la l\u00ednea Compact Volumetric KF. Resultados exactos desde 100\u00a0ppm a un 100\u00a0% de agua. Compatible con doce accesos r\u00e1pidos por usuario y cinco m\u00e9todos de an\u00e1lisis y una gesti\u00f3n de datos de laboratorio completa con LabX.<\/span><\/h6>\n<\/li>\n<li>\n<h6>Titrator Compact V30S: <strong>Horno InMotion KF automatizado: <\/strong><span style=\"color: #999999;\">D\u00e9 un salto en su productividad con el V30S y el horno InMotion Karl Fischer automatizado para determinar el contenido de agua de hasta 26 muestras<\/span>.<strong>Conformidad garantizada <\/strong><span style=\"color: #999999;\">En entornos regulados, el software LabX ofrece una conformidad plena con las normas 21 CFR Parte 11 y UE anexo.<\/span> <strong>Dise\u00f1o robusto, resultados exactos: <\/strong><span style=\"color: #999999;\">El dise\u00f1o especial de la c\u00e9lula de valoraci\u00f3n reduce al m\u00ednimo las interferencias de la humedad ambiental para obtener un valor de deriva de fondo bajo y asegurar unas mediciones exactas y repetibles.<\/span><\/h6>\n<\/li>\n<\/ol>\n<h4 style=\"text-align: left;\"><span style=\"color: #ff0000;\">Valorador Coulom\u00e9trico:<\/span><\/h4>\n<ol style=\"text-align: left;\">\n<li>\n<h6>Titrator Compact C10SX: <span style=\"color: #999999;\">El C10SX presenta el rendimiento estable, el manejo sencillo y el dise\u00f1o compacto de los coul\u00f3metros KF Compact. Resultados exactos desde 1\u00a0ppm a un 5\u00a0% de agua. Hasta cuatro accesos r\u00e1pidos por usuario y cinco m\u00e9todos de an\u00e1lisis. Ideal para an\u00e1lisis KF de trazas de agua rutinarios.<\/span><\/h6>\n<\/li>\n<li>\n<h6>Titrator Compact C20SX:<span class=\"extend\" style=\"color: #999999;\">Valorador coulom\u00e9trico sin diafragma compacto C20S Karl Fischer. <\/span><strong>Conformidad garantizada: <\/strong><span style=\"color: #999999;\">En entornos regulados, el software LabX ofrece una conformidad plena con las normas 21 CFR Parte 11 y UE anexo 11. <\/span><strong>Dise\u00f1o robusto, resultados exactos: <\/strong><span style=\"color: #999999;\">El dise\u00f1o especial de la c\u00e9lula de valoraci\u00f3n reduce al m\u00ednimo las interferencias de la humedad ambiental para obtener un valor de deriva de fondo bajo y asegurar unas mediciones exactas y repetibles. <\/span><strong>Interfaz de usuario One Click: <\/strong><span style=\"color: #999999;\">Personalice las pantallas de inicio con la interfaz de pantalla t\u00e1ctil intuitiva One Click y ponga en marcha sus procesos de trabajo de forma r\u00e1pida y sencilla con un simple toque en la pantalla.<\/span><\/h6>\n<\/li>\n<li>\n<h6>Titrator Compact C30SX:<span style=\"color: #999999;\"> El C30SX ofrece la m\u00e1xima flexibilidad en la l\u00ednea de coul\u00f3metros KF Compact. Resultados exactos desde 1\u00a0ppm a un 5\u00a0% de agua. Compatible con 150 m\u00e9todos; software LabX para la gesti\u00f3n de datos completa y hornos InMotion KF automatizados para un alto rendimiento de la muestra.<\/span><\/h6>\n<\/li>\n<li>\n<h6>Titrator Compact C10SD: <strong>Interfaz de usuario One Click: <\/strong><span style=\"color: #999999;\">La gran pantalla t\u00e1ctil a color incluye una interfaz de usuario One Click\u2122 f\u00e1cil de entender. Cada usuario puede disponer de su propia pantalla de inicio. <\/span><strong>Celda con diafragma:\u00a0<\/strong><span style=\"color: #999999;\">El dise\u00f1o exclusivo de la c\u00e9lula de diafragma satisface las exigencias de las determinaciones muy precisas de contenidos bajos en agua. <\/span><strong>Exportaci\u00f3n de datos flexible: <\/strong><span style=\"color: #999999;\">Los valoradores compactos ofrecen una amplia gama de opciones para la manipulaci\u00f3n de los datos. Se pueden conectar impresoras o unidades de memoria a trav\u00e9s del puerto USB.<\/span><\/h6>\n<\/li>\n<li>\n<h6>Titrator Compact C20SD: <strong>Conformidad garantizada: <\/strong><span style=\"color: #999999;\">En entornos regulados, el software LabX ofrece una conformidad plena con las normas 21 CFR Parte 11 y UE anexo 11.<\/span><span style=\"color: #000000;\"><strong>Dise\u00f1o robusto, resultados exactos: <\/strong><\/span><span style=\"color: #999999;\">El dise\u00f1o especial de la c\u00e9lula de valoraci\u00f3n reduce al m\u00ednimo las interferencias de la humedad ambiental para obtener un valor de deriva de fondo bajo y asegurar unas mediciones exactas y repetibles.<\/span><strong>Interfaz de usuario One Click: <\/strong><span style=\"color: #999999;\">Personalice las pantallas de inicio con la interfaz de pantalla t\u00e1ctil intuitiva One Click y ponga en marcha sus procesos de trabajo de forma r\u00e1pida y sencilla con un simple toque en la pantalla.<\/span><\/h6>\n<\/li>\n<li>\n<h6>Titrator Compact C30SD: <span style=\"color: #999999;\">El modelo incluye un diafragma para c\u00e9lulas generadoras. El C30SD ofrece la m\u00e1xima flexibilidad en la l\u00ednea de coul\u00f3metros KF Compact. Resultados exactos desde 1\u00a0ppm a un 5\u00a0% de agua. Compatible con 150 m\u00e9todos; software LabX para la gesti\u00f3n de datos completa y hornos InMotion KF.<\/span><\/h6>\n<\/li>\n<\/ol>\n<h2 data-swiftype-name=\"description\" data-swiftype-type=\"string\"><\/h2>\n","protected":false},"excerpt":{"rendered":"<h3 class=\"responsive-content-title\" style=\"text-align: left;\">Determinaci\u00f3n de agua One Click<\/h3>\n<h3 class=\"responsive-content-subtitle\" style=\"text-align: left;\"><strong>El dispositivo correcto para su an\u00e1lisis<\/strong><\/h3>\n<p style=\"text-align: left;\">La valoraci\u00f3n de Karl-Fischer es el m\u00e9todo est\u00e1ndar espec\u00edfico para la determinaci\u00f3n del contenido de agua y proporciona resultados exactos y precisos en cuesti\u00f3n de minutos.<\/p>\n<p style=\"text-align: left;\">Con los nuevos valoradores volum\u00e9tricos y coulom\u00e9tricos de Karl-Fischer de METTLER TOLEDO, sus operarios solo necesitan pulsar un bot\u00f3n para realizar una determinaci\u00f3n de agua.<\/p>\n<p><a href=\"https:\/\/www.mt.com\/int\/es\/home\/products\/Laboratory_Analytics_Browse\/Product_Family_Browse_titrators_main\/Karl_Fischer_Titration.html\"><span style=\"color: #ff0000;\"><strong>MAYOR INFORMACI\u00d3N<\/strong><\/span><\/a><\/p>\n","protected":false},"featured_media":4910,"comment_status":"open","ping_status":"closed","template":"","meta":[],"class_list":{"0":"post-4909","1":"product","2":"type-product","3":"status-publish","4":"has-post-thumbnail","6":"product_cat-fisico-quimico","7":"product_tag-mettler-toledo","9":"first","10":"instock","11":"shipping-taxable","12":"product-type-simple"},"_links":{"self":[{"href":"http:\/\/www.terratec.com.bo\/index.php?rest_route=\/wp\/v2\/product\/4909","targetHints":{"allow":["GET"]}}],"collection":[{"href":"http:\/\/www.terratec.com.bo\/index.php?rest_route=\/wp\/v2\/product"}],"about":[{"href":"http:\/\/www.terratec.com.bo\/index.php?rest_route=\/wp\/v2\/types\/product"}],"replies":[{"embeddable":true,"href":"http:\/\/www.terratec.com.bo\/index.php?rest_route=%2Fwp%2Fv2%2Fcomments&post=4909"}],"version-history":[{"count":4,"href":"http:\/\/www.terratec.com.bo\/index.php?rest_route=\/wp\/v2\/product\/4909\/revisions"}],"predecessor-version":[{"id":4996,"href":"http:\/\/www.terratec.com.bo\/index.php?rest_route=\/wp\/v2\/product\/4909\/revisions\/4996"}],"wp:featuredmedia":[{"embeddable":true,"href":"http:\/\/www.terratec.com.bo\/index.php?rest_route=\/wp\/v2\/media\/4910"}],"wp:attachment":[{"href":"http:\/\/www.terratec.com.bo\/index.php?rest_route=%2Fwp%2Fv2%2Fmedia&parent=4909"}],"curies":[{"name":"wp","href":"https:\/\/api.w.org\/{rel}","templated":true}]}}