{"id":4872,"date":"2020-04-06T03:58:07","date_gmt":"2020-04-06T01:58:07","guid":{"rendered":"http:\/\/www.terratec.com.bo\/?post_type=product&#038;p=4872"},"modified":"2024-06-27T15:22:16","modified_gmt":"2024-06-27T13:22:16","slug":"4872","status":"publish","type":"product","link":"http:\/\/www.terratec.com.bo\/?product=4872","title":{"rendered":"Incubadoras a convecci\u00f3n natural"},"content":{"rendered":"<p class=\"list-head\" style=\"text-align: left;\"><strong>Ventajas<\/strong><\/p>\n<div class=\"slide-list benefits\">\n<ul>\n<li style=\"text-align: left;\">Excelente distribuci\u00f3n y constancia de la precisi\u00f3n de temperatura<\/li>\n<li style=\"text-align: left;\">Gran seguridad de procesos<\/li>\n<li style=\"text-align: left;\">Rutina de desinfecci\u00f3n a 100 \u00b0C<\/li>\n<\/ul>\n<\/div>\n<p class=\"list-head\" style=\"text-align: left;\"><strong>Caracter\u00edsticas importantes<\/strong><\/p>\n<div class=\"slide-list\">\n<ul>\n<li style=\"text-align: left;\">Rango de temperatura: desde 5 \u00b0C por encima de la temperatura ambiente hasta 100 \u00b0C<\/li>\n<li style=\"text-align: left;\">Gran precisi\u00f3n de temperatura gracias a la tecnolog\u00eda APT.line\u2122<\/li>\n<li style=\"text-align: left;\">Convecci\u00f3n natural<\/li>\n<li style=\"text-align: left;\">Controlador con pantalla LCD<\/li>\n<li style=\"text-align: left;\">Regulaci\u00f3n de la rejilla de aire por control electromec\u00e1nico<\/li>\n<li style=\"text-align: left;\">Puerta interior de vidrio de seguridad (ESG)<\/li>\n<li style=\"text-align: left;\">2 rejillas cromadas<\/li>\n<li style=\"text-align: left;\">Posibilidad de apilamiento<\/li>\n<li style=\"text-align: left;\">Controlador de selecci\u00f3n de temperatura clase 3.1 (DIN 12880) integrado con alarma \u00f3ptica<\/li>\n<li style=\"text-align: left;\">Dise\u00f1o ergon\u00f3mico de la manilla<\/li>\n<li style=\"text-align: left;\">Conexi\u00f3n USB para el registro de los datos<\/li>\n<\/ul>\n<\/div>\n","protected":false},"excerpt":{"rendered":"<p style=\"text-align: left;\">Las incubadoras Avantgarde.Line, a convecci\u00f3n natural o forzada y completamente redise\u00f1adas, satisfacen las necesidades de crecimiento e incubaci\u00f3n a la perfecci\u00f3n. La nueva generaci\u00f3n de incubadoras convence por su alta eficiencia y una perfecta precisi\u00f3n de temperatura gracias a la tecnolog\u00eda APT.line\u2122.<\/p>\n<div class=\"share-surf clearfix\">\n<div class=\"pull-right\"><span style=\"color: #ff0000;\"><strong><a style=\"color: #ff0000;\" href=\"https:\/\/www.binder-world.com\/es\/productos\/estandar-incubadoras\">Mayor Informaci\u00f3n<\/a><\/strong><\/span><\/div>\n<\/div>\n","protected":false},"featured_media":4873,"comment_status":"open","ping_status":"closed","template":"","meta":[],"class_list":{"0":"post-4872","1":"product","2":"type-product","3":"status-publish","4":"has-post-thumbnail","6":"product_cat-bacteriologia","7":"product_tag-binder","9":"first","10":"instock","11":"shipping-taxable","12":"product-type-simple"},"_links":{"self":[{"href":"http:\/\/www.terratec.com.bo\/index.php?rest_route=\/wp\/v2\/product\/4872","targetHints":{"allow":["GET"]}}],"collection":[{"href":"http:\/\/www.terratec.com.bo\/index.php?rest_route=\/wp\/v2\/product"}],"about":[{"href":"http:\/\/www.terratec.com.bo\/index.php?rest_route=\/wp\/v2\/types\/product"}],"replies":[{"embeddable":true,"href":"http:\/\/www.terratec.com.bo\/index.php?rest_route=%2Fwp%2Fv2%2Fcomments&post=4872"}],"version-history":[{"count":2,"href":"http:\/\/www.terratec.com.bo\/index.php?rest_route=\/wp\/v2\/product\/4872\/revisions"}],"predecessor-version":[{"id":4875,"href":"http:\/\/www.terratec.com.bo\/index.php?rest_route=\/wp\/v2\/product\/4872\/revisions\/4875"}],"wp:featuredmedia":[{"embeddable":true,"href":"http:\/\/www.terratec.com.bo\/index.php?rest_route=\/wp\/v2\/media\/4873"}],"wp:attachment":[{"href":"http:\/\/www.terratec.com.bo\/index.php?rest_route=%2Fwp%2Fv2%2Fmedia&parent=4872"}],"curies":[{"name":"wp","href":"https:\/\/api.w.org\/{rel}","templated":true}]}}