{"id":4831,"date":"2020-04-05T21:03:12","date_gmt":"2020-04-05T19:03:12","guid":{"rendered":"http:\/\/www.terratec.com.bo\/?post_type=product&#038;p=4831"},"modified":"2020-05-19T01:55:42","modified_gmt":"2020-05-18T23:55:42","slug":"citologia-mayor-precision-y-eficiencia","status":"publish","type":"product","link":"http:\/\/www.terratec.com.bo\/?product=citologia-mayor-precision-y-eficiencia","title":{"rendered":"Citolog\u00eda: mayor precisi\u00f3n y eficiencia"},"content":{"rendered":"<h4 style=\"text-align: left;\">Gama de productos<\/h4>\n<ul>\n<li style=\"text-align: left;\">Disoluciones de tinci\u00f3n cl\u00e1sicas: tinciones de Papanicolaou y Shorr para m\u00e9todos manuales y automatizados<\/li>\n<li style=\"text-align: left;\">Kits de tinci\u00f3n r\u00e1pida: Cytocolor<sup>\u00ae<\/sup>\u00a0y Neo-Cytocolor<sup>\u00ae<\/sup><\/li>\n<li style=\"text-align: left;\">Disoluci\u00f3n para ginecolog\u00eda cl\u00ednica: azur eosina azul de metileno seg\u00fan Giemsa<\/li>\n<li style=\"text-align: left;\">Auxiliares: para fijaci\u00f3n, deshidrataci\u00f3n, aclarado y montaje<\/li>\n<\/ul>\n","protected":false},"excerpt":{"rendered":"<p>Merck ofrece una completa cartera de productos de microscopia para citolog\u00eda ginecol\u00f3gica y no ginecol\u00f3gica. Gracias a su gran calidad y uniformidad de un lote a otro, nuestros productos citol\u00f3gicos aseguran resultados fiables y reproducibles. Adem\u00e1s, el largo periodo de validez y el uso econ\u00f3mico de nuestras disoluciones listas para usar maximizan el n\u00famero de muestras procesadas y aumentan la eficacia del laboratorio. Dado que todos nuestros productos de citolog\u00eda est\u00e1n registrados para DIV y tienen el certificado CE, pueden utilizarse en laboratorios cl\u00ednicos, as\u00ed como para diagn\u00f3stico.<\/p>\n<p style=\"text-align: left;\"><span style=\"color: #ff0000;\"><strong><a style=\"color: #ff0000;\" href=\"https:\/\/www.merckmillipore.com\/INTL\/es\/products\/ivd-oem-materials-reagents\/microscopy\/cytology\/zp2b.qB.ZWAAAAFAUdZkiQpx,nav\">Mayor Informaci\u00f3n<\/a><\/strong><\/span><\/p>\n","protected":false},"featured_media":4833,"comment_status":"open","ping_status":"closed","template":"","meta":[],"class_list":{"0":"post-4831","1":"product","2":"type-product","3":"status-publish","4":"has-post-thumbnail","6":"product_cat-citologia","7":"product_tag-merck","9":"first","10":"instock","11":"shipping-taxable","12":"product-type-simple"},"_links":{"self":[{"href":"http:\/\/www.terratec.com.bo\/index.php?rest_route=\/wp\/v2\/product\/4831","targetHints":{"allow":["GET"]}}],"collection":[{"href":"http:\/\/www.terratec.com.bo\/index.php?rest_route=\/wp\/v2\/product"}],"about":[{"href":"http:\/\/www.terratec.com.bo\/index.php?rest_route=\/wp\/v2\/types\/product"}],"replies":[{"embeddable":true,"href":"http:\/\/www.terratec.com.bo\/index.php?rest_route=%2Fwp%2Fv2%2Fcomments&post=4831"}],"version-history":[{"count":2,"href":"http:\/\/www.terratec.com.bo\/index.php?rest_route=\/wp\/v2\/product\/4831\/revisions"}],"predecessor-version":[{"id":4834,"href":"http:\/\/www.terratec.com.bo\/index.php?rest_route=\/wp\/v2\/product\/4831\/revisions\/4834"}],"wp:featuredmedia":[{"embeddable":true,"href":"http:\/\/www.terratec.com.bo\/index.php?rest_route=\/wp\/v2\/media\/4833"}],"wp:attachment":[{"href":"http:\/\/www.terratec.com.bo\/index.php?rest_route=%2Fwp%2Fv2%2Fmedia&parent=4831"}],"curies":[{"name":"wp","href":"https:\/\/api.w.org\/{rel}","templated":true}]}}