{"id":4794,"date":"2020-04-05T19:52:50","date_gmt":"2020-04-05T17:52:50","guid":{"rendered":"http:\/\/www.terratec.com.bo\/?post_type=product&#038;p=4794"},"modified":"2026-02-13T20:36:36","modified_gmt":"2026-02-13T19:36:36","slug":"stardust-mc15","status":"publish","type":"product","link":"http:\/\/www.terratec.com.bo\/?product=stardust-mc15","title":{"rendered":"StarDust MC15"},"content":{"rendered":"<p style=\"text-align: left;\"><strong>Caracteristicas:\u00a0<\/strong><\/p>\n<p style=\"text-align: left;\">Rango espectral 320 &#8211; 670 nm<br \/>\nFiltros est\u00e1ndar 340, 405, 500, 546, 578, 630, 670 nm (espacio libre para un filtro adicional)<br \/>\nLecturas monocrom\u00e1ticas y bicrom\u00e1ticas.<br \/>\nAncho de banda Menos de 8 nm<br \/>\nFuente de luz L\u00e1mpara hal\u00f3gena de 20 W<br \/>\nPrecisi\u00f3n fotom\u00e9trica \u00b1 2% de 0 &#8211; 2.5 Abs<br \/>\nVolumen m\u00ednimo de reactivo 400 \u00b5L<br \/>\nConexi\u00f3n a PC y software Conexi\u00f3n externa: RS 232 C Software<\/p>\n","protected":false},"excerpt":{"rendered":"<p style=\"text-align: left;\"><strong>Extremadamente r\u00e1pido para su laboratorio<\/strong><br \/>\nEl StarDust MC15 es un fot\u00f3metro automatizado extremadamente r\u00e1pido y vers\u00e1til. Su procesamiento simult\u00e1neo de una tira de cubetas m\u00faltiples permite la lectura de 15 qu\u00edmicas de punto final en solo un minuto o 15 qu\u00edmicas cin\u00e9ticas en solo 4 minutos.<\/p>\n<p style=\"text-align: left;\">El fot\u00f3metro es muy f\u00e1cil de manejar debido a la incubaci\u00f3n integrada, la mezcla autom\u00e1tica, la medici\u00f3n y la documentaci\u00f3n. Solo se requiere pipeteo de muestra y reactivo.<\/p>\n<p><span style=\"color: #ff0000;\"><strong><a style=\"color: #ff0000;\" href=\"https:\/\/www.diasys-diagnostics.com\/products\/instruments\/stardust-mc15\/#tab-state-3274-3273\">Mayor Informaci\u00f3n<\/a><\/strong><\/span><\/p>\n","protected":false},"featured_media":4796,"comment_status":"open","ping_status":"closed","template":"","meta":[],"class_list":{"0":"post-4794","1":"product","2":"type-product","3":"status-publish","4":"has-post-thumbnail","6":"product_cat-quimica-sanguinea","7":"product_tag-diasys","9":"first","10":"instock","11":"shipping-taxable","12":"product-type-simple"},"_links":{"self":[{"href":"http:\/\/www.terratec.com.bo\/index.php?rest_route=\/wp\/v2\/product\/4794","targetHints":{"allow":["GET"]}}],"collection":[{"href":"http:\/\/www.terratec.com.bo\/index.php?rest_route=\/wp\/v2\/product"}],"about":[{"href":"http:\/\/www.terratec.com.bo\/index.php?rest_route=\/wp\/v2\/types\/product"}],"replies":[{"embeddable":true,"href":"http:\/\/www.terratec.com.bo\/index.php?rest_route=%2Fwp%2Fv2%2Fcomments&post=4794"}],"version-history":[{"count":3,"href":"http:\/\/www.terratec.com.bo\/index.php?rest_route=\/wp\/v2\/product\/4794\/revisions"}],"predecessor-version":[{"id":5795,"href":"http:\/\/www.terratec.com.bo\/index.php?rest_route=\/wp\/v2\/product\/4794\/revisions\/5795"}],"wp:featuredmedia":[{"embeddable":true,"href":"http:\/\/www.terratec.com.bo\/index.php?rest_route=\/wp\/v2\/media\/4796"}],"wp:attachment":[{"href":"http:\/\/www.terratec.com.bo\/index.php?rest_route=%2Fwp%2Fv2%2Fmedia&parent=4794"}],"curies":[{"name":"wp","href":"https:\/\/api.w.org\/{rel}","templated":true}]}}