{"id":4718,"date":"2019-11-12T06:50:05","date_gmt":"2019-11-12T05:50:05","guid":{"rendered":"http:\/\/www.terratec.com.bo\/?post_type=product&#038;p=4718"},"modified":"2020-05-19T01:57:57","modified_gmt":"2020-05-18T23:57:57","slug":"reactivos-de-hematologia","status":"publish","type":"product","link":"http:\/\/www.terratec.com.bo\/?product=reactivos-de-hematologia","title":{"rendered":"Reactivos de hematolog\u00eda"},"content":{"rendered":"<p style=\"text-align: left;\"><strong>Producto de calidad<\/strong><br \/>\nEl control de calidad de SFRI es m\u00e1s que una simple formalidad. Es una garant\u00eda de rendimiento, fiabilidad y \u00e9xito: sepa que los reactivos que salen de nuestra f\u00e1brica pasan un m\u00ednimo de 3 controles de calidad antes de ser lanzados en nuestros diferentes mercados.<br \/>\nAdem\u00e1s, es importante tener en cuenta que validamos la calidad de nuestros reactivos en sangre patol\u00f3gica verdadera (fresca), \u00a1garantizando resultados precisos cuando sea necesario!<\/p>\n<p style=\"text-align: left;\"><strong>Al poner el rendimiento y la calidad primero, nos aseguramos de que nosotros:<\/strong><\/p>\n<ul>\n<li style=\"text-align: left;\">Entregue excelentes productos en el menor tiempo posible.<\/li>\n<li style=\"text-align: left;\">Mejorar continuamente la calidad de nuestros productos y servicios.<\/li>\n<li style=\"text-align: left;\">Satisfaga las necesidades de los clientes ofreciendo una gama m\u00e1s amplia de productos.<\/li>\n<\/ul>\n","protected":false},"excerpt":{"rendered":"<p style=\"text-align: left;\"><strong>SFRI, reactivos en los que puede confiar<\/strong><\/p>\n<p style=\"text-align: left;\">Cumple con todos los requisitos de las normas europeas;<\/p>\n<p style=\"text-align: left;\">SFRI registra cada uno de sus reactivos en el ANSM, la Agencia Nacional para la Seguridad de los Medicamentos;<\/p>\n<p style=\"text-align: left;\">SFRI tiene la certificaci\u00f3n ISO 13485;<\/p>\n<p style=\"text-align: left;\">Todos los productos SFRI tienen la marca CE.<\/p>\n<p><span style=\"color: #ff0000;\"><strong><a style=\"color: #ff0000;\" href=\"https:\/\/www.sfri.fr\/hematology-reagents\">Mayor Informaci\u00f3n<\/a><\/strong><\/span><\/p>\n","protected":false},"featured_media":4719,"comment_status":"open","ping_status":"closed","template":"","meta":[],"class_list":{"0":"post-4718","1":"product","2":"type-product","3":"status-publish","4":"has-post-thumbnail","6":"product_cat-hematologia","7":"product_tag-sfri","9":"first","10":"instock","11":"shipping-taxable","12":"product-type-simple"},"_links":{"self":[{"href":"http:\/\/www.terratec.com.bo\/index.php?rest_route=\/wp\/v2\/product\/4718","targetHints":{"allow":["GET"]}}],"collection":[{"href":"http:\/\/www.terratec.com.bo\/index.php?rest_route=\/wp\/v2\/product"}],"about":[{"href":"http:\/\/www.terratec.com.bo\/index.php?rest_route=\/wp\/v2\/types\/product"}],"replies":[{"embeddable":true,"href":"http:\/\/www.terratec.com.bo\/index.php?rest_route=%2Fwp%2Fv2%2Fcomments&post=4718"}],"version-history":[{"count":4,"href":"http:\/\/www.terratec.com.bo\/index.php?rest_route=\/wp\/v2\/product\/4718\/revisions"}],"predecessor-version":[{"id":4840,"href":"http:\/\/www.terratec.com.bo\/index.php?rest_route=\/wp\/v2\/product\/4718\/revisions\/4840"}],"wp:featuredmedia":[{"embeddable":true,"href":"http:\/\/www.terratec.com.bo\/index.php?rest_route=\/wp\/v2\/media\/4719"}],"wp:attachment":[{"href":"http:\/\/www.terratec.com.bo\/index.php?rest_route=%2Fwp%2Fv2%2Fmedia&parent=4718"}],"curies":[{"name":"wp","href":"https:\/\/api.w.org\/{rel}","templated":true}]}}