{"id":4712,"date":"2019-11-12T06:38:05","date_gmt":"2019-11-12T05:38:05","guid":{"rendered":"http:\/\/www.terratec.com.bo\/?post_type=product&#038;p=4712"},"modified":"2020-05-19T01:59:10","modified_gmt":"2020-05-18T23:59:10","slug":"lavadora-de-inmunologia-iw-96","status":"publish","type":"product","link":"http:\/\/www.terratec.com.bo\/?product=lavadora-de-inmunologia-iw-96","title":{"rendered":"Lavadora de inmunolog\u00eda IW 96"},"content":{"rendered":"<p style=\"text-align: left;\">Como una lavadora de microplacas para manejo de l\u00edquidos, el IW 96 est\u00e1 dise\u00f1ado para contener y lavar ensayos ELISA. Ideal para todos<br \/>\ntama\u00f1o de laboratorio, la lavadora de microplacas IW 96 contiene una variedad de capacidades de lavado. El compacto de la lavadora<br \/>\nla huella admite el lavado de placas de 96 pocillos y varios protocolos personalizables. Su excelente dispensaci\u00f3n<br \/>\nLa precisi\u00f3n y la aspiraci\u00f3n, junto con el f\u00e1cil mantenimiento, permiten operaciones sin problemas.<\/p>\n<p style=\"text-align: left;\">Aplicaciones: ensayos ELISA<br \/>\nUna lavadora independiente de bajo mantenimiento.<br \/>\nR\u00e1pido de configurar y requiere entrenamiento m\u00ednimo<br \/>\nSin caracter\u00edsticas innecesarias.<br \/>\nPlaca de 96 pocillos en U, V o fondo plano<\/p>\n","protected":false},"excerpt":{"rendered":"<p style=\"text-align: left;\">IW 96, una lavadora de microplacas elegante y eficiente.<br \/>\nUna lavadora de microplacas ELISA que lo ayudar\u00e1 a lavar con confianza.<\/p>\n<p><span style=\"color: #ff0000;\"><strong><a style=\"color: #ff0000;\" href=\"https:\/\/www.sfri.fr\/iwire\">Mayor Informaci\u00f3n<\/a><\/strong><\/span><\/p>\n","protected":false},"featured_media":4713,"comment_status":"open","ping_status":"closed","template":"","meta":[],"class_list":{"0":"post-4712","1":"product","2":"type-product","3":"status-publish","4":"has-post-thumbnail","6":"product_cat-inmunologia","7":"product_tag-sfri","9":"first","10":"instock","11":"shipping-taxable","12":"product-type-simple"},"_links":{"self":[{"href":"http:\/\/www.terratec.com.bo\/index.php?rest_route=\/wp\/v2\/product\/4712","targetHints":{"allow":["GET"]}}],"collection":[{"href":"http:\/\/www.terratec.com.bo\/index.php?rest_route=\/wp\/v2\/product"}],"about":[{"href":"http:\/\/www.terratec.com.bo\/index.php?rest_route=\/wp\/v2\/types\/product"}],"replies":[{"embeddable":true,"href":"http:\/\/www.terratec.com.bo\/index.php?rest_route=%2Fwp%2Fv2%2Fcomments&post=4712"}],"version-history":[{"count":4,"href":"http:\/\/www.terratec.com.bo\/index.php?rest_route=\/wp\/v2\/product\/4712\/revisions"}],"predecessor-version":[{"id":4810,"href":"http:\/\/www.terratec.com.bo\/index.php?rest_route=\/wp\/v2\/product\/4712\/revisions\/4810"}],"wp:featuredmedia":[{"embeddable":true,"href":"http:\/\/www.terratec.com.bo\/index.php?rest_route=\/wp\/v2\/media\/4713"}],"wp:attachment":[{"href":"http:\/\/www.terratec.com.bo\/index.php?rest_route=%2Fwp%2Fv2%2Fmedia&parent=4712"}],"curies":[{"name":"wp","href":"https:\/\/api.w.org\/{rel}","templated":true}]}}