{"id":4708,"date":"2019-11-12T06:22:10","date_gmt":"2019-11-12T05:22:10","guid":{"rendered":"http:\/\/www.terratec.com.bo\/?post_type=product&#038;p=4708"},"modified":"2020-05-19T01:59:48","modified_gmt":"2020-05-18T23:59:48","slug":"analizador-de-electrolitos-ionix","status":"publish","type":"product","link":"http:\/\/www.terratec.com.bo\/?product=analizador-de-electrolitos-ionix","title":{"rendered":"Analizador de Electrolitos IONIX"},"content":{"rendered":"<p style=\"text-align: left;\">Cr\u00e9alo desde cero.<br \/>\nSin l\u00edmite, sin laboratorio objetivo, el IONIX puede llegar a cualquier persona que realice pruebas de electrolitos. \u00bfPor qu\u00e9? Porque el analizador de SFRI es 100% modular.<\/p>\n<p style=\"text-align: left;\">El IONIX ofrece todas las caracter\u00edsticas que espera de un nuevo analizador en un mercado: seguridad total, trazabilidad completa, peque\u00f1a y compacta, trabajando en tubos primarios, finalmente (econom\u00eda y simplicidad), con electrodos altamente t\u00e9cnicos, software f\u00e1cil y f\u00e1cil de usar, moderno conectividad (protocolo LIS), &#8230; s\u00ed, definitivamente moderno.<\/p>\n","protected":false},"excerpt":{"rendered":"<p>El IONIX es la \u00faltima incorporaci\u00f3n a la gama de analizadores de iones de SFRI con electrodos selectivos. Desarrollado y fabricado por SFRI con las mejores y m\u00e1s recientes tecnolog\u00edas, el IONIX es un instrumento de alta calidad que ofrece excelentes resultados.<\/p>\n<p><span style=\"color: #ff0000;\"><strong><a style=\"color: #ff0000;\" href=\"https:\/\/www.sfri.fr\/ionix\">Mayor Informaci\u00f3n<\/a><\/strong><\/span><\/p>\n","protected":false},"featured_media":4709,"comment_status":"open","ping_status":"closed","template":"","meta":[],"class_list":{"0":"post-4708","1":"product","2":"type-product","3":"status-publish","4":"has-post-thumbnail","6":"product_cat-quimica-sanguinea","7":"product_tag-sfri","9":"first","10":"instock","11":"shipping-taxable","12":"product-type-simple"},"_links":{"self":[{"href":"http:\/\/www.terratec.com.bo\/index.php?rest_route=\/wp\/v2\/product\/4708","targetHints":{"allow":["GET"]}}],"collection":[{"href":"http:\/\/www.terratec.com.bo\/index.php?rest_route=\/wp\/v2\/product"}],"about":[{"href":"http:\/\/www.terratec.com.bo\/index.php?rest_route=\/wp\/v2\/types\/product"}],"replies":[{"embeddable":true,"href":"http:\/\/www.terratec.com.bo\/index.php?rest_route=%2Fwp%2Fv2%2Fcomments&post=4708"}],"version-history":[{"count":4,"href":"http:\/\/www.terratec.com.bo\/index.php?rest_route=\/wp\/v2\/product\/4708\/revisions"}],"predecessor-version":[{"id":4837,"href":"http:\/\/www.terratec.com.bo\/index.php?rest_route=\/wp\/v2\/product\/4708\/revisions\/4837"}],"wp:featuredmedia":[{"embeddable":true,"href":"http:\/\/www.terratec.com.bo\/index.php?rest_route=\/wp\/v2\/media\/4709"}],"wp:attachment":[{"href":"http:\/\/www.terratec.com.bo\/index.php?rest_route=%2Fwp%2Fv2%2Fmedia&parent=4708"}],"curies":[{"name":"wp","href":"https:\/\/api.w.org\/{rel}","templated":true}]}}