{"id":4705,"date":"2019-11-12T06:13:34","date_gmt":"2019-11-12T05:13:34","guid":{"rendered":"http:\/\/www.terratec.com.bo\/?post_type=product&#038;p=4705"},"modified":"2020-05-19T02:00:04","modified_gmt":"2020-05-19T00:00:04","slug":"analizador-de-sedimentacion-esr-3000","status":"publish","type":"product","link":"http:\/\/www.terratec.com.bo\/?product=analizador-de-sedimentacion-esr-3000","title":{"rendered":"Analizador de sedimentaci\u00f3n ESR 3000"},"content":{"rendered":"<p style=\"text-align: left;\">R\u00e1pido: tiempo de lectura de 30 min y 60 min equivalente a las 1 hy 2 h del m\u00e9todo Westergren<\/p>\n<p style=\"text-align: left;\">Tubos de vidrio al vac\u00edo de alta calidad utilizados para la extracci\u00f3n de sangre y pruebas de funcionamiento: garantizar una velocidad de sedimentaci\u00f3n m\u00e1s precisa que los tubos de pl\u00e1stico.<\/p>\n<p style=\"text-align: left;\">\u00a1El costo de las pruebas es igual al costo de los tubos solamente!<\/p>\n<p style=\"text-align: left;\">Sin manejo de sangre: concebido para simplificar el an\u00e1lisis de ESR tanto como sea posible, evitando la manipulaci\u00f3n de muestras y eliminando el riesgo de infecci\u00f3n del operador<\/p>\n<p style=\"text-align: left;\">Detecci\u00f3n positiva: el lector de c\u00f3digo de barras opcional para tubos ESR evita errores de identificaci\u00f3n<\/p>\n<p style=\"text-align: left;\">Trazabilidad: impresora t\u00e9rmica incorporada con impresi\u00f3n autom\u00e1tica de velocidad de sedimentaci\u00f3n y curva cin\u00e9tica de sedimentaci\u00f3n.<\/p>\n<p style=\"text-align: left;\">Simplicidad: instrumento independiente con interfaz LIS monodireccional<\/p>\n<p style=\"text-align: left;\">Producci\u00f3n: 60 muestras por hora.<\/p>\n<p style=\"text-align: left;\">Libre de mantenimiento<\/p>\n","protected":false},"excerpt":{"rendered":"<p>ESR 3000, el rendimiento es \u00fatil<br \/>\nSimplemente el analizador de acceso aleatorio m\u00e1s pr\u00e1ctico para un an\u00e1lisis sencillo de la velocidad de sedimentaci\u00f3n globular.<\/p>\n<p>R\u00e1pido, simple y eficiente.<\/p>\n<p>Resultados est\u00e1ndar<\/p>\n<p>Completa fiabilidad y trazabilidad<\/p>\n<p>Sin riesgo de errores.<\/p>\n<p>Ahorro de costos y tiempo.<\/p>\n","protected":false},"featured_media":4706,"comment_status":"open","ping_status":"closed","template":"","meta":[],"class_list":{"0":"post-4705","1":"product","2":"type-product","3":"status-publish","4":"has-post-thumbnail","6":"product_cat-hematologia","7":"product_tag-sfri","9":"first","10":"instock","11":"shipping-taxable","12":"product-type-simple"},"_links":{"self":[{"href":"http:\/\/www.terratec.com.bo\/index.php?rest_route=\/wp\/v2\/product\/4705","targetHints":{"allow":["GET"]}}],"collection":[{"href":"http:\/\/www.terratec.com.bo\/index.php?rest_route=\/wp\/v2\/product"}],"about":[{"href":"http:\/\/www.terratec.com.bo\/index.php?rest_route=\/wp\/v2\/types\/product"}],"replies":[{"embeddable":true,"href":"http:\/\/www.terratec.com.bo\/index.php?rest_route=%2Fwp%2Fv2%2Fcomments&post=4705"}],"version-history":[{"count":4,"href":"http:\/\/www.terratec.com.bo\/index.php?rest_route=\/wp\/v2\/product\/4705\/revisions"}],"predecessor-version":[{"id":4843,"href":"http:\/\/www.terratec.com.bo\/index.php?rest_route=\/wp\/v2\/product\/4705\/revisions\/4843"}],"wp:featuredmedia":[{"embeddable":true,"href":"http:\/\/www.terratec.com.bo\/index.php?rest_route=\/wp\/v2\/media\/4706"}],"wp:attachment":[{"href":"http:\/\/www.terratec.com.bo\/index.php?rest_route=%2Fwp%2Fv2%2Fmedia&parent=4705"}],"curies":[{"name":"wp","href":"https:\/\/api.w.org\/{rel}","templated":true}]}}