{"id":4699,"date":"2019-11-12T06:05:23","date_gmt":"2019-11-12T05:05:23","guid":{"rendered":"http:\/\/www.terratec.com.bo\/?post_type=product&#038;p=4699"},"modified":"2020-05-19T02:01:30","modified_gmt":"2020-05-19T00:01:30","slug":"contador-automatico-de-celulas-sanguineas-h18-light","status":"publish","type":"product","link":"http:\/\/www.terratec.com.bo\/?product=contador-automatico-de-celulas-sanguineas-h18-light","title":{"rendered":"Contador autom\u00e1tico de c\u00e9lulas sangu\u00edneas H18 LIGHT"},"content":{"rendered":"<p style=\"text-align: left;\"><strong>NUEVO SOFTWARE LINUX \u00abmucho m\u00e1s orientado al usuario\u00bb<\/strong><\/p>\n<p style=\"text-align: left;\">1. multiling\u00fce<br \/>\n2. Todas las impresoras disponibles (chorro de tinta o l\u00e1ser)<br \/>\n3. Hasta 50 000 almacenamiento de datos.<br \/>\n4. 4 puertos USB: actualizaci\u00f3n de impresora, teclado, mouse Y software<br \/>\n5. 1 puerto Ethernet para transferencia de datos<br \/>\n6. Resoluci\u00f3n de pantalla 600 * 800<br \/>\n7. Hardware almacenado en la memoria interna<br \/>\n8. Copia de seguridad de datos posible a trav\u00e9s de la exportaci\u00f3n USB de resultados de muestras<\/p>\n<p style=\"text-align: left;\"><strong>CARACTERISTICAS:<\/strong><\/p>\n<p style=\"text-align: left;\">Fabricaci\u00f3n francesa de alta calidad de 60 T \/ H BCC<br \/>\nDiferenciaci\u00f3n en tres partes de WBC, 20 par\u00e1metros +3 histogramas<br \/>\nRentable: muy baja tasa de consumo de reactivos<br \/>\nRendimiento: 60 segundos por resultado<\/p>\n<p style=\"text-align: left;\">Se pueden almacenar hasta 50 000 resultados de pacientes<br \/>\nProporciona recuentos de plaquetas precisos a niveles muy bajos de concentraci\u00f3n.<br \/>\nTama\u00f1o compacto, gran pantalla LCD a color<br \/>\nImpresora t\u00e9rmica incorporada, teclado externo y mouse provistos<br \/>\nLector de c\u00f3digo de barras opcional<\/p>\n<p>&nbsp;<\/p>\n","protected":false},"excerpt":{"rendered":"<p style=\"text-align: left;\">H18 LIGHT, una soluci\u00f3n compacta y econ\u00f3mica para laboratorios<br \/>\nUn contador autom\u00e1tico de c\u00e9lulas sangu\u00edneas de 60 T \/ H, ideal para laboratorios peque\u00f1os y medianos.<\/p>\n<p><span style=\"color: #ff0000;\"><strong><a style=\"color: #ff0000;\" href=\"https:\/\/www.sfri.fr\/h18-light\">Mayor Informaci\u00f3<\/a><\/strong><\/span><\/p>\n","protected":false},"featured_media":4700,"comment_status":"open","ping_status":"closed","template":"","meta":[],"class_list":{"0":"post-4699","1":"product","2":"type-product","3":"status-publish","4":"has-post-thumbnail","6":"product_cat-hematologia","7":"product_tag-sfri","9":"first","10":"instock","11":"shipping-taxable","12":"product-type-simple"},"_links":{"self":[{"href":"http:\/\/www.terratec.com.bo\/index.php?rest_route=\/wp\/v2\/product\/4699","targetHints":{"allow":["GET"]}}],"collection":[{"href":"http:\/\/www.terratec.com.bo\/index.php?rest_route=\/wp\/v2\/product"}],"about":[{"href":"http:\/\/www.terratec.com.bo\/index.php?rest_route=\/wp\/v2\/types\/product"}],"replies":[{"embeddable":true,"href":"http:\/\/www.terratec.com.bo\/index.php?rest_route=%2Fwp%2Fv2%2Fcomments&post=4699"}],"version-history":[{"count":3,"href":"http:\/\/www.terratec.com.bo\/index.php?rest_route=\/wp\/v2\/product\/4699\/revisions"}],"predecessor-version":[{"id":4848,"href":"http:\/\/www.terratec.com.bo\/index.php?rest_route=\/wp\/v2\/product\/4699\/revisions\/4848"}],"wp:featuredmedia":[{"embeddable":true,"href":"http:\/\/www.terratec.com.bo\/index.php?rest_route=\/wp\/v2\/media\/4700"}],"wp:attachment":[{"href":"http:\/\/www.terratec.com.bo\/index.php?rest_route=%2Fwp%2Fv2%2Fmedia&parent=4699"}],"curies":[{"name":"wp","href":"https:\/\/api.w.org\/{rel}","templated":true}]}}