{"id":4696,"date":"2019-11-12T05:57:45","date_gmt":"2019-11-12T04:57:45","guid":{"rendered":"http:\/\/www.terratec.com.bo\/?post_type=product&#038;p=4696"},"modified":"2020-05-19T02:01:58","modified_gmt":"2020-05-19T00:01:58","slug":"contador-de-celulas-sanguineas-hemix-3-30","status":"publish","type":"product","link":"http:\/\/www.terratec.com.bo\/?product=contador-de-celulas-sanguineas-hemix-3-30","title":{"rendered":"Contador de c\u00e9lulas sangu\u00edneas Hemix 3 30"},"content":{"rendered":"<p style=\"text-align: left;\"><b>CARACTER\u00cdSTICAS:<\/b><\/p>\n<ul>\n<li style=\"text-align: left;\">Diferenciaci\u00f3n de 3 partes, 20 par\u00e1metros, 3 histogramas.<\/li>\n<li style=\"text-align: left;\">Dos modos de conteo: sangre completa y sangre pre diluida<\/li>\n<li style=\"text-align: left;\">Rendimiento: menos de 2 minutos por resultado<\/li>\n<li style=\"text-align: left;\">Las pruebas pueden iniciarse consecutivamente incluso antes de que la prueba anterior termine de imprimirse.<\/li>\n<li style=\"text-align: left;\">Se pueden almacenar hasta 12 000 resultados de pacientes (incluidos histogramas)<\/li>\n<li style=\"text-align: left;\">Amplios programas de control de calidad: lista y gr\u00e1ficos de Levey-Jennings con 9 archivos de control<\/li>\n<li style=\"text-align: left;\">Tama\u00f1o compacto, impresora t\u00e9rmica incorporada, gran pantalla LCD en color: comodidad y facilidad de uso<\/li>\n<li style=\"text-align: left;\">Completo software operativo basado en Windows\u00ae con 3 idiomas opcionales: franc\u00e9s, ingl\u00e9s y espa\u00f1ol<\/li>\n<li style=\"text-align: left;\">Lector de c\u00f3digo de barras opcional: ahorra tiempo, evita errores de identificaci\u00f3n y permite una rutina sin problemas<\/li>\n<\/ul>\n","protected":false},"excerpt":{"rendered":"<p style=\"text-align: left;\"><strong>Contador de c\u00e9lulas sangu\u00edneas monocanal a<\/strong><strong>lta calidad para laboratorios peque\u00f1os.<\/strong><\/p>\n<p style=\"text-align: left;\">El m\u00e1s peque\u00f1o del rango de hematolog\u00eda de SFRI, el HEMIX 3-30 es un contador de c\u00e9lulas sangu\u00edneas diferenciales de 3 partes que se beneficia de la misma alta tecnolog\u00eda que cualquier otro analizador de SFRI.<\/p>\n<p style=\"text-align: left;\">SFRI cre\u00f3 este analizador para responder a las necesidades del mercado. Los peque\u00f1os laboratorios fueron olvidados y obligados a comprar instrumentos m\u00e1s grandes que no necesitaban.<\/p>\n<p><span style=\"color: #ff0000;\"><strong><a style=\"color: #ff0000;\" href=\"https:\/\/www.sfri.fr\/hemix-3-30\">Mayor Informaci\u00f3n<\/a><\/strong><\/span><\/p>\n","protected":false},"featured_media":4697,"comment_status":"open","ping_status":"closed","template":"","meta":[],"class_list":{"0":"post-4696","1":"product","2":"type-product","3":"status-publish","4":"has-post-thumbnail","6":"product_cat-hematologia","7":"product_tag-sfri","9":"first","10":"instock","11":"shipping-taxable","12":"product-type-simple"},"_links":{"self":[{"href":"http:\/\/www.terratec.com.bo\/index.php?rest_route=\/wp\/v2\/product\/4696","targetHints":{"allow":["GET"]}}],"collection":[{"href":"http:\/\/www.terratec.com.bo\/index.php?rest_route=\/wp\/v2\/product"}],"about":[{"href":"http:\/\/www.terratec.com.bo\/index.php?rest_route=\/wp\/v2\/types\/product"}],"replies":[{"embeddable":true,"href":"http:\/\/www.terratec.com.bo\/index.php?rest_route=%2Fwp%2Fv2%2Fcomments&post=4696"}],"version-history":[{"count":3,"href":"http:\/\/www.terratec.com.bo\/index.php?rest_route=\/wp\/v2\/product\/4696\/revisions"}],"predecessor-version":[{"id":4850,"href":"http:\/\/www.terratec.com.bo\/index.php?rest_route=\/wp\/v2\/product\/4696\/revisions\/4850"}],"wp:featuredmedia":[{"embeddable":true,"href":"http:\/\/www.terratec.com.bo\/index.php?rest_route=\/wp\/v2\/media\/4697"}],"wp:attachment":[{"href":"http:\/\/www.terratec.com.bo\/index.php?rest_route=%2Fwp%2Fv2%2Fmedia&parent=4696"}],"curies":[{"name":"wp","href":"https:\/\/api.w.org\/{rel}","templated":true}]}}