{"id":4688,"date":"2019-11-12T05:39:59","date_gmt":"2019-11-12T04:39:59","guid":{"rendered":"http:\/\/www.terratec.com.bo\/?post_type=product&#038;p=4688"},"modified":"2024-07-04T04:04:41","modified_gmt":"2024-07-04T02:04:41","slug":"analizador-respons-910","status":"publish","type":"product","link":"http:\/\/www.terratec.com.bo\/?product=analizador-respons-910","title":{"rendered":"ANALIZADOR RESPONS 910"},"content":{"rendered":"<p style=\"text-align: left;\"><strong>Vers\u00e1til y flexible<\/strong><br \/>\nLa alta capacidad a bordo de 30 m\u00e9todos diferentes en contenedores mono o gemelos y 30 posiciones de muestra ofrece la flexibilidad necesaria para el uso diario. El puerto STAT integrado permite cargar f\u00e1cilmente muestras de emergencia en cualquier momento. La amplia gama de pruebas de qu\u00edmica cl\u00ednica e inmunoturbidim\u00e9trica de alta calidad fabricadas por DiaSys completa el sistema respons\u00ae910.<\/p>\n<p style=\"text-align: left;\"><strong>F\u00e1cil de usar<\/strong><br \/>\nReactivos listos para usar, carga de contenedores de reactivos de un solo agarre sin adaptador, lector de c\u00f3digo de barras integrado para muestras y reactivos, as\u00ed como el software intuitivo alivia significativamente la carga de trabajo diaria.<\/p>\n<p style=\"text-align: left;\"><strong>Competitivo y \u00fanico<\/strong><br \/>\nCostos m\u00ednimos de servicio y mantenimiento, bajo consumo de reactivos y alta estabilidad a bordo de los reactivos del sistema DiaSys en combinaci\u00f3n con la mayor suma de seguridad de resultados para un sistema altamente competitivo. Otras caracter\u00edsticas como conectividad LIS, detecci\u00f3n de co\u00e1gulos y sensor de choque hacen que respons\u00ae910 sea \u00fanico en su clase.<\/p>\n<p style=\"text-align: left;\"><strong>respons\u00ae910 up: la nueva generaci\u00f3n de pruebas automatizadas<\/strong><br \/>\nLa nueva versi\u00f3n de software 4.8.0.8 est\u00e1 disponible para dispositivos respons\u00ae910. DiaSys recomienda encarecidamente actualizar todos los analizadores respons\u00ae910 instalados porque facilita la rutina diaria de laboratorio. Este nuevo software conduce a una confiabilidad actualizada y ofrece una funcionalidad nueva y mejorada como:<\/p>\n<ul>\n<li style=\"text-align: left;\">Mejora de la precisi\u00f3n de pipeteo de muestras de 2 \u00b5l<\/li>\n<li style=\"text-align: left;\">Criterio de aceptaci\u00f3n de cubetas modificado<\/li>\n<li style=\"text-align: left;\">Evasi\u00f3n prolongada<\/li>\n<li style=\"text-align: left;\">Protecci\u00f3n de su negocio de reactivos DiaSys mediante el cierre de canales<\/li>\n<li style=\"text-align: left;\">Mejoras generales de manejo y correcciones de errores<\/li>\n<\/ul>\n","protected":false},"excerpt":{"rendered":"<p style=\"text-align: left;\">Respons\u00ae910 es un analizador de mesa compacto y totalmente automatizado para una m\u00e1xima eficiencia. Durante su desarrollo, se prest\u00f3 especial atenci\u00f3n al f\u00e1cil manejo y al flujo de trabajo optimizado, lo que condujo al sistema de qu\u00edmica cl\u00ednica ideal para muchos laboratorios.<\/p>\n<p><span style=\"color: #ff0000;\"><a style=\"color: #ff0000;\" href=\"https:\/\/www.diasys-diagnostics.com\/products\/instruments\/respons910\/\">Mayor Informaci\u00f3n<\/a><\/span><\/p>\n","protected":false},"featured_media":4689,"comment_status":"open","ping_status":"closed","template":"","meta":[],"class_list":{"0":"post-4688","1":"product","2":"type-product","3":"status-publish","4":"has-post-thumbnail","6":"product_cat-quimica-sanguinea","7":"product_tag-diasys","9":"first","10":"instock","11":"shipping-taxable","12":"product-type-simple"},"_links":{"self":[{"href":"http:\/\/www.terratec.com.bo\/index.php?rest_route=\/wp\/v2\/product\/4688","targetHints":{"allow":["GET"]}}],"collection":[{"href":"http:\/\/www.terratec.com.bo\/index.php?rest_route=\/wp\/v2\/product"}],"about":[{"href":"http:\/\/www.terratec.com.bo\/index.php?rest_route=\/wp\/v2\/types\/product"}],"replies":[{"embeddable":true,"href":"http:\/\/www.terratec.com.bo\/index.php?rest_route=%2Fwp%2Fv2%2Fcomments&post=4688"}],"version-history":[{"count":3,"href":"http:\/\/www.terratec.com.bo\/index.php?rest_route=\/wp\/v2\/product\/4688\/revisions"}],"predecessor-version":[{"id":4793,"href":"http:\/\/www.terratec.com.bo\/index.php?rest_route=\/wp\/v2\/product\/4688\/revisions\/4793"}],"wp:featuredmedia":[{"embeddable":true,"href":"http:\/\/www.terratec.com.bo\/index.php?rest_route=\/wp\/v2\/media\/4689"}],"wp:attachment":[{"href":"http:\/\/www.terratec.com.bo\/index.php?rest_route=%2Fwp%2Fv2%2Fmedia&parent=4688"}],"curies":[{"name":"wp","href":"https:\/\/api.w.org\/{rel}","templated":true}]}}