{"id":4681,"date":"2019-11-12T05:24:31","date_gmt":"2019-11-12T04:24:31","guid":{"rendered":"http:\/\/www.terratec.com.bo\/?post_type=product&#038;p=4681"},"modified":"2022-12-04T23:39:00","modified_gmt":"2022-12-04T22:39:00","slug":"incubadoras-de-co%e2%82%82-con-esterilizacion-por-aire-caliente","status":"publish","type":"product","link":"http:\/\/www.terratec.com.bo\/?product=incubadoras-de-co%e2%82%82-con-esterilizacion-por-aire-caliente","title":{"rendered":"Incubadoras de CO\u2082 con esterilizaci\u00f3n por aire caliente"},"content":{"rendered":"<p class=\"list-head\" style=\"text-align: left;\">Caracter\u00edsticas importantes<\/p>\n<div class=\"slide-list\">\n<ul>\n<li style=\"text-align: left;\">Rango de temperatura: desde 6 \u00b0C por encima de la temperatura ambiente hasta 50 \u00b0C<\/li>\n<li style=\"text-align: left;\">Rango de humedad: de 90 hasta 95 % h.r.<\/li>\n<li style=\"text-align: left;\">Autoesterilizaci\u00f3n por aire caliente a 180 \u00b0C<\/li>\n<li style=\"text-align: left;\">Sistema de Humidificaci\u00f3n sin condensaci\u00f3n<\/li>\n<li style=\"text-align: left;\">Tubo de mezcla de gas de CO\u2082 con efecto Venturi<\/li>\n<li style=\"text-align: left;\">Sensor de CO\u2082 con tecnolog\u00eda de infrarrojos<\/li>\n<li style=\"text-align: left;\">Pantalla LCD para mostrar la temperatura y CO\u2082, as\u00ed como informaci\u00f3n adicional y alarmas<\/li>\n<li style=\"text-align: left;\">Puerta interior estanca de vidrio de seguridad (ESG)<\/li>\n<li style=\"text-align: left;\">C\u00e1mara interna de una pieza sin soldaduras de acero inoxidable<\/li>\n<li style=\"text-align: left;\">3 bandejas perforadas de acero inoxidable<\/li>\n<li style=\"text-align: left;\">Equipos apilables mediante adaptador de apilado<\/li>\n<li style=\"text-align: left;\">Sistema de autodiagn\u00f3stico con alarma \u00f3ptica y ac\u00fastica<\/li>\n<li style=\"text-align: left;\">Interfaz de ordenador: Ethernet<\/li>\n<li style=\"text-align: left;\">Contacto de alarma sin voltaje<\/li>\n<li style=\"text-align: left;\">Apto para apilado con CB 170<\/li>\n<\/ul>\n<\/div>\n","protected":false},"excerpt":{"rendered":"<p>Caracter\u00edsticas importantes Rango de temperatura: desde 6 \u00b0C por encima de la temperatura ambiente hasta 50 \u00b0C Rango de humedad: de 90 hasta 95 % h.r. Autoesterilizaci\u00f3n por aire caliente a 180 \u00b0C Sistema de Humidificaci\u00f3n sin condensaci\u00f3n Tubo de mezcla de gas de CO\u2082 con efecto Venturi Sensor de CO\u2082 con tecnolog\u00eda de infrarrojos [&hellip;]<\/p>\n","protected":false},"featured_media":4682,"comment_status":"open","ping_status":"closed","template":"","meta":[],"class_list":{"0":"post-4681","1":"product","2":"type-product","3":"status-publish","4":"has-post-thumbnail","6":"product_cat-bacteriologia","7":"product_tag-binder","9":"first","10":"instock","11":"shipping-taxable","12":"product-type-simple"},"_links":{"self":[{"href":"http:\/\/www.terratec.com.bo\/index.php?rest_route=\/wp\/v2\/product\/4681","targetHints":{"allow":["GET"]}}],"collection":[{"href":"http:\/\/www.terratec.com.bo\/index.php?rest_route=\/wp\/v2\/product"}],"about":[{"href":"http:\/\/www.terratec.com.bo\/index.php?rest_route=\/wp\/v2\/types\/product"}],"replies":[{"embeddable":true,"href":"http:\/\/www.terratec.com.bo\/index.php?rest_route=%2Fwp%2Fv2%2Fcomments&post=4681"}],"version-history":[{"count":1,"href":"http:\/\/www.terratec.com.bo\/index.php?rest_route=\/wp\/v2\/product\/4681\/revisions"}],"predecessor-version":[{"id":4683,"href":"http:\/\/www.terratec.com.bo\/index.php?rest_route=\/wp\/v2\/product\/4681\/revisions\/4683"}],"wp:featuredmedia":[{"embeddable":true,"href":"http:\/\/www.terratec.com.bo\/index.php?rest_route=\/wp\/v2\/media\/4682"}],"wp:attachment":[{"href":"http:\/\/www.terratec.com.bo\/index.php?rest_route=%2Fwp%2Fv2%2Fmedia&parent=4681"}],"curies":[{"name":"wp","href":"https:\/\/api.w.org\/{rel}","templated":true}]}}