{"id":4663,"date":"2019-11-11T14:20:31","date_gmt":"2019-11-11T13:20:31","guid":{"rendered":"http:\/\/www.terratec.com.bo\/?post_type=product&#038;p=4663"},"modified":"2026-02-16T07:49:39","modified_gmt":"2026-02-16T06:49:39","slug":"balanza-de-precision-mettler-toledo-ms-6001s","status":"publish","type":"product","link":"http:\/\/www.terratec.com.bo\/?product=balanza-de-precision-mettler-toledo-ms-6001s","title":{"rendered":"Balanza de precisi\u00f3n METTLER TOLEDO MS 6001S"},"content":{"rendered":"<p style=\"text-align: left;\">Especificaciones<br \/>\nCalibraci\u00f3n interna<br \/>\nCapacidad (g) 6200<br \/>\nDimensiones de la carcasa 19.4 x 9.9 x 34.7 cm<br \/>\nDimensiones (\u00abW) 7-5 \/ 8<br \/>\nDimensiones (\u00abH) 3-7 \/ 8<br \/>\nDimensiones (\u00abD) 13-5 \/ 8<br \/>\nPantalla Pantalla de alto contraste (HCD)<br \/>\nTama\u00f1o de la bandeja (L x W) 7-1 \/ 2 \u00abx 8-7 \/ 8\u00bb (19.1 x 22.6 cm)<br \/>\nLegibilidad (g) 0.1<br \/>\nLinealidad (g) \u00b1 0.2<br \/>\nRepetibilidad (g) \u00b1 0.1<br \/>\nUnidades de pesaje g, kg, mg, ct, lb, oz, ozt, GN, dwt, mom, msg, tlh, tls, tlt, tola, baht<br \/>\nTiempo de estabilizaci\u00f3n 1 seg<br \/>\nLa estabilidad filtra tres filtros para adaptarse al entorno de pesaje.<br \/>\nPotencia (VAC) 120<br \/>\nBater\u00eda ninguno<br \/>\nIdiomas Ingl\u00e9s, alem\u00e1n, franc\u00e9s, espa\u00f1ol, italiano, polich, checo, hugarian<br \/>\nSalida RS-232 \/ USB<br \/>\nTipo de producto Balanza de carga superior<br \/>\nMarca Mettler Toledo<\/p>\n","protected":false},"excerpt":{"rendered":"<p>Especificaciones Calibraci\u00f3n interna Capacidad (g) 6200 Dimensiones de la carcasa 19.4 x 9.9 x 34.7 cm Dimensiones (\u00abW) 7-5 \/ 8 Dimensiones (\u00abH) 3-7 \/ 8 Dimensiones (\u00abD) 13-5 \/ 8 Pantalla Pantalla de alto contraste (HCD) Tama\u00f1o de la bandeja (L x W) 7-1 \/ 2 \u00abx 8-7 \/ 8\u00bb (19.1 x 22.6 cm) [&hellip;]<\/p>\n","protected":false},"featured_media":4664,"comment_status":"open","ping_status":"closed","template":"","meta":[],"class_list":{"0":"post-4663","1":"product","2":"type-product","3":"status-publish","4":"has-post-thumbnail","6":"product_cat-pesaje","7":"product_tag-mettler-toledo","9":"first","10":"instock","11":"shipping-taxable","12":"product-type-simple"},"_links":{"self":[{"href":"http:\/\/www.terratec.com.bo\/index.php?rest_route=\/wp\/v2\/product\/4663","targetHints":{"allow":["GET"]}}],"collection":[{"href":"http:\/\/www.terratec.com.bo\/index.php?rest_route=\/wp\/v2\/product"}],"about":[{"href":"http:\/\/www.terratec.com.bo\/index.php?rest_route=\/wp\/v2\/types\/product"}],"replies":[{"embeddable":true,"href":"http:\/\/www.terratec.com.bo\/index.php?rest_route=%2Fwp%2Fv2%2Fcomments&post=4663"}],"version-history":[{"count":1,"href":"http:\/\/www.terratec.com.bo\/index.php?rest_route=\/wp\/v2\/product\/4663\/revisions"}],"predecessor-version":[{"id":4665,"href":"http:\/\/www.terratec.com.bo\/index.php?rest_route=\/wp\/v2\/product\/4663\/revisions\/4665"}],"wp:featuredmedia":[{"embeddable":true,"href":"http:\/\/www.terratec.com.bo\/index.php?rest_route=\/wp\/v2\/media\/4664"}],"wp:attachment":[{"href":"http:\/\/www.terratec.com.bo\/index.php?rest_route=%2Fwp%2Fv2%2Fmedia&parent=4663"}],"curies":[{"name":"wp","href":"https:\/\/api.w.org\/{rel}","templated":true}]}}