{"id":4660,"date":"2019-11-11T14:11:43","date_gmt":"2019-11-11T13:11:43","guid":{"rendered":"http:\/\/www.terratec.com.bo\/?post_type=product&#038;p=4660"},"modified":"2020-05-19T02:03:37","modified_gmt":"2020-05-19T00:03:37","slug":"balanza-de-precision-me403","status":"publish","type":"product","link":"http:\/\/www.terratec.com.bo\/?product=balanza-de-precision-me403","title":{"rendered":"Balanza de precisi\u00f3n ME403"},"content":{"rendered":"<p style=\"text-align: left;\">Especificaciones &#8211; Balance de precisi\u00f3n ME403<br \/>\nCapacidad m\u00e1xima 420 g<br \/>\nLegibilidad 1 mg<br \/>\nInterfaces RS232<br \/>\nAjuste interno<br \/>\nLegal para Comercio No<br \/>\nDi\u00e1metro del plato de pesaje 120 mm<br \/>\nRepetibilidad (t\u00edpica) 0.7 mg<br \/>\nPeso m\u00ednimo (U = 1%, k = 2), t\u00edpico 140 mg<br \/>\nTiempo de asentamiento 1.5 s<br \/>\nPeso m\u00ednimo (USP, 0.1%, t\u00edpico) 1.4 g<br \/>\nLinealidad 100 g<br \/>\nLinealidad \u00b1 0.002 g<br \/>\nPantalla LCD retroiluminada<br \/>\nDimensiones (DxHxW) 319 mm x 289 mm x 210 mm<br \/>\nRepetibilidad garantizada 1 mg<br \/>\nCarcasa de aluminio fundido a presi\u00f3n, pl\u00e1stico ABS<br \/>\nLinealidad, t\u00edpicamente 0.6 mg<br \/>\nPrecisi\u00f3n de temperatura (\u00b1) 3 ppm \/ \u00b0 C<br \/>\nResoluci\u00f3n 1 mg<br \/>\nDise\u00f1o higi\u00e9nico s\u00ed<br \/>\nN\u00famero de material 30029084<\/p>\n","protected":false},"excerpt":{"rendered":"<p>Especificaciones &#8211; Balance de precisi\u00f3n ME403 Capacidad m\u00e1xima 420 g Legibilidad 1 mg Interfaces RS232 Ajuste interno Legal para Comercio No Di\u00e1metro del plato de pesaje 120 mm Repetibilidad (t\u00edpica) 0.7 mg Peso m\u00ednimo (U = 1%, k = 2), t\u00edpico 140 mg Tiempo de asentamiento 1.5 s Peso m\u00ednimo (USP, 0.1%, t\u00edpico) 1.4 g [&hellip;]<\/p>\n","protected":false},"featured_media":4661,"comment_status":"open","ping_status":"closed","template":"","meta":[],"class_list":{"0":"post-4660","1":"product","2":"type-product","3":"status-publish","4":"has-post-thumbnail","6":"product_cat-pesaje","7":"product_tag-mettler-toledo","9":"first","10":"instock","11":"shipping-taxable","12":"product-type-simple"},"_links":{"self":[{"href":"http:\/\/www.terratec.com.bo\/index.php?rest_route=\/wp\/v2\/product\/4660","targetHints":{"allow":["GET"]}}],"collection":[{"href":"http:\/\/www.terratec.com.bo\/index.php?rest_route=\/wp\/v2\/product"}],"about":[{"href":"http:\/\/www.terratec.com.bo\/index.php?rest_route=\/wp\/v2\/types\/product"}],"replies":[{"embeddable":true,"href":"http:\/\/www.terratec.com.bo\/index.php?rest_route=%2Fwp%2Fv2%2Fcomments&post=4660"}],"version-history":[{"count":1,"href":"http:\/\/www.terratec.com.bo\/index.php?rest_route=\/wp\/v2\/product\/4660\/revisions"}],"predecessor-version":[{"id":4662,"href":"http:\/\/www.terratec.com.bo\/index.php?rest_route=\/wp\/v2\/product\/4660\/revisions\/4662"}],"wp:featuredmedia":[{"embeddable":true,"href":"http:\/\/www.terratec.com.bo\/index.php?rest_route=\/wp\/v2\/media\/4661"}],"wp:attachment":[{"href":"http:\/\/www.terratec.com.bo\/index.php?rest_route=%2Fwp%2Fv2%2Fmedia&parent=4660"}],"curies":[{"name":"wp","href":"https:\/\/api.w.org\/{rel}","templated":true}]}}