{"id":4657,"date":"2019-11-11T14:09:24","date_gmt":"2019-11-11T13:09:24","guid":{"rendered":"http:\/\/www.terratec.com.bo\/?post_type=product&#038;p=4657"},"modified":"2022-12-26T08:40:54","modified_gmt":"2022-12-26T07:40:54","slug":"balanza-de-precision-me4002","status":"publish","type":"product","link":"http:\/\/www.terratec.com.bo\/?product=balanza-de-precision-me4002","title":{"rendered":"Balanza de precisi\u00f3n ME4002"},"content":{"rendered":"<p style=\"text-align: left;\">Especificaciones &#8211; Balance de precisi\u00f3n ME4002<br \/>\nCapacidad M\u00e1xima 4.200 g<br \/>\nLegibilidad 0,01 g<br \/>\nInterfaces RS232<br \/>\nAjuste interno<br \/>\nLegal para Comercio No<br \/>\nRepetibilidad (t\u00edpica) 0.007 g<br \/>\nPeso m\u00ednimo (U = 1%, k = 2), t\u00edpico 1.4 g<br \/>\nTiempo de asentamiento 1 s<br \/>\nDimensiones del plato de pesaje (WxD) 180 mm x 180 mm<br \/>\nPeso m\u00ednimo (USP, 0.1%, t\u00edpico) 14 g<br \/>\nLinealidad 1,000 g<br \/>\nLinealidad \u00b1 0.02 g<br \/>\nPantalla LCD retroiluminada<br \/>\nDimensiones (DxHxW) 319 mm x 100 mm x 200 mm<br \/>\nRepetibilidad garantizada 0.01 g<br \/>\nCarcasa de aluminio fundido a presi\u00f3n, pl\u00e1stico ABS<br \/>\nLinealidad, t\u00edpicamente 0.006 g<br \/>\nPrecisi\u00f3n de temperatura (\u00b1) 3 ppm \/ \u00b0 C<br \/>\nResoluci\u00f3n 0.01 g<br \/>\nDise\u00f1o higi\u00e9nico s\u00ed<br \/>\nN\u00famero de material 30029106<\/p>\n","protected":false},"excerpt":{"rendered":"<p>Especificaciones &#8211; Balance de precisi\u00f3n ME4002 Capacidad M\u00e1xima 4.200 g Legibilidad 0,01 g Interfaces RS232 Ajuste interno Legal para Comercio No Repetibilidad (t\u00edpica) 0.007 g Peso m\u00ednimo (U = 1%, k = 2), t\u00edpico 1.4 g Tiempo de asentamiento 1 s Dimensiones del plato de pesaje (WxD) 180 mm x 180 mm Peso m\u00ednimo (USP, [&hellip;]<\/p>\n","protected":false},"featured_media":4658,"comment_status":"open","ping_status":"closed","template":"","meta":[],"class_list":{"0":"post-4657","1":"product","2":"type-product","3":"status-publish","4":"has-post-thumbnail","6":"product_cat-pesaje","7":"product_tag-mettler-toledo","9":"first","10":"instock","11":"shipping-taxable","12":"product-type-simple"},"_links":{"self":[{"href":"http:\/\/www.terratec.com.bo\/index.php?rest_route=\/wp\/v2\/product\/4657","targetHints":{"allow":["GET"]}}],"collection":[{"href":"http:\/\/www.terratec.com.bo\/index.php?rest_route=\/wp\/v2\/product"}],"about":[{"href":"http:\/\/www.terratec.com.bo\/index.php?rest_route=\/wp\/v2\/types\/product"}],"replies":[{"embeddable":true,"href":"http:\/\/www.terratec.com.bo\/index.php?rest_route=%2Fwp%2Fv2%2Fcomments&post=4657"}],"version-history":[{"count":1,"href":"http:\/\/www.terratec.com.bo\/index.php?rest_route=\/wp\/v2\/product\/4657\/revisions"}],"predecessor-version":[{"id":4659,"href":"http:\/\/www.terratec.com.bo\/index.php?rest_route=\/wp\/v2\/product\/4657\/revisions\/4659"}],"wp:featuredmedia":[{"embeddable":true,"href":"http:\/\/www.terratec.com.bo\/index.php?rest_route=\/wp\/v2\/media\/4658"}],"wp:attachment":[{"href":"http:\/\/www.terratec.com.bo\/index.php?rest_route=%2Fwp%2Fv2%2Fmedia&parent=4657"}],"curies":[{"name":"wp","href":"https:\/\/api.w.org\/{rel}","templated":true}]}}