{"id":4653,"date":"2019-11-11T13:54:23","date_gmt":"2019-11-11T12:54:23","guid":{"rendered":"http:\/\/www.terratec.com.bo\/?post_type=product&#038;p=4653"},"modified":"2022-10-31T21:49:11","modified_gmt":"2022-10-31T20:49:11","slug":"balanza-analitica-me104","status":"publish","type":"product","link":"http:\/\/www.terratec.com.bo\/?product=balanza-analitica-me104","title":{"rendered":"Balanza analitica ME104"},"content":{"rendered":"<p style=\"text-align: left;\">Especificaciones &#8211; Balanza analitica ME104<br \/>\nCapacidad m\u00e1xima 120 g<br \/>\nLegibilidad 0.1 mg<br \/>\nPeso m\u00ednimo (USP, 0.1%, t\u00edpico) 0.16 g<br \/>\nAjuste interno<br \/>\nDi\u00e1metro del plato de pesaje 90 mm<br \/>\nPantalla LCD retroiluminada<br \/>\nLegal para Comercio No<br \/>\nTiempo de asentamiento 2 s<br \/>\nRepetibilidad (t\u00edpica) 0.08 mg<br \/>\nInterfaces RS232<br \/>\nDimensiones (DxHxW) 344 mm x 344 mm x 210 mm<br \/>\nRepetibilidad garantizada 0.1 mg<br \/>\nCarcasa de aluminio fundido a presi\u00f3n, pl\u00e1stico ABS<br \/>\nLinealidad 0.2 mg<br \/>\nLinealidad \u00b1 0.2 mg<br \/>\nLinealidad, t\u00edpicamente 0.06 mg<br \/>\nPrecisi\u00f3n de temperatura (\u00b1) 2 ppm \/ \u00b0 C<br \/>\nResoluci\u00f3n 0.1 mg<br \/>\nDise\u00f1o higi\u00e9nico s\u00ed<br \/>\nN\u00famero de material 30029067<\/p>\n","protected":false},"excerpt":{"rendered":"<p>Especificaciones &#8211; Balanza analitica ME104 Capacidad m\u00e1xima 120 g Legibilidad 0.1 mg Peso m\u00ednimo (USP, 0.1%, t\u00edpico) 0.16 g Ajuste interno Di\u00e1metro del plato de pesaje 90 mm Pantalla LCD retroiluminada Legal para Comercio No Tiempo de asentamiento 2 s Repetibilidad (t\u00edpica) 0.08 mg Interfaces RS232 Dimensiones (DxHxW) 344 mm x 344 mm x 210 [&hellip;]<\/p>\n","protected":false},"featured_media":4654,"comment_status":"open","ping_status":"closed","template":"","meta":[],"class_list":{"0":"post-4653","1":"product","2":"type-product","3":"status-publish","4":"has-post-thumbnail","6":"product_cat-pesaje","7":"product_tag-mettler-toledo","9":"first","10":"instock","11":"shipping-taxable","12":"product-type-simple"},"_links":{"self":[{"href":"http:\/\/www.terratec.com.bo\/index.php?rest_route=\/wp\/v2\/product\/4653","targetHints":{"allow":["GET"]}}],"collection":[{"href":"http:\/\/www.terratec.com.bo\/index.php?rest_route=\/wp\/v2\/product"}],"about":[{"href":"http:\/\/www.terratec.com.bo\/index.php?rest_route=\/wp\/v2\/types\/product"}],"replies":[{"embeddable":true,"href":"http:\/\/www.terratec.com.bo\/index.php?rest_route=%2Fwp%2Fv2%2Fcomments&post=4653"}],"version-history":[{"count":1,"href":"http:\/\/www.terratec.com.bo\/index.php?rest_route=\/wp\/v2\/product\/4653\/revisions"}],"predecessor-version":[{"id":4655,"href":"http:\/\/www.terratec.com.bo\/index.php?rest_route=\/wp\/v2\/product\/4653\/revisions\/4655"}],"wp:featuredmedia":[{"embeddable":true,"href":"http:\/\/www.terratec.com.bo\/index.php?rest_route=\/wp\/v2\/media\/4654"}],"wp:attachment":[{"href":"http:\/\/www.terratec.com.bo\/index.php?rest_route=%2Fwp%2Fv2%2Fmedia&parent=4653"}],"curies":[{"name":"wp","href":"https:\/\/api.w.org\/{rel}","templated":true}]}}