{"id":4650,"date":"2019-11-11T13:50:53","date_gmt":"2019-11-11T12:50:53","guid":{"rendered":"http:\/\/www.terratec.com.bo\/?post_type=product&#038;p=4650"},"modified":"2022-10-17T16:11:30","modified_gmt":"2022-10-17T14:11:30","slug":"balanza-analitica-ms204ts-m00","status":"publish","type":"product","link":"http:\/\/www.terratec.com.bo\/?product=balanza-analitica-ms204ts-m00","title":{"rendered":"Balanza analitica MS204TS\/M00"},"content":{"rendered":"<p>Especificaciones &#8211; Balanza analitica MS204TS \/ M00<br \/>\nCapacidad m\u00e1xima 220 g<br \/>\nLegibilidad 0,1 mg<br \/>\nRepetibilidad (prueba de Pesa) 0,1 mg (100 g)<br \/>\nPesada m\u00ednima de acuerdo a USP 0,1% 0,16 g<br \/>\nAjuste Interno \/ HECHO<br \/>\nDi\u00e1metro del plato de pesaje 90 mm<br \/>\nPantalla Pantalla t\u00e1ctil TFT a color de 7 \u00bb<br \/>\nCon autorizaci\u00f3n legal S\u00ed<br \/>\nTiempo de estabilizaci\u00f3n 2 s<br \/>\nRepetibilidad (t\u00edpica) 0,08 mg<br \/>\nInterfaces; Host USB; Dispositivo USB; RS232;<br \/>\nDimensiones (FxAxA) 347 mm x 348 mm x 204 mm<br \/>\nAplicaciones Pesaje; Pesada diferencial; Pesaje diferencial; Control de peso; Totalizaci\u00f3n; Formulaci\u00f3n Masa vol\u00famica; Pesaje din\u00e1mico; Pesaje porcentual; Recuento; Pesaje con factor<br \/>\nRepetibilidad garantizada 0,1 mg<br \/>\nConstrucci\u00f3n Aluminio fundido<br \/>\nLinealidad \u00b1 0,2 mg<br \/>\nLinealidad tipica 0,06 mg<br \/>\nPesada m\u00ednima (U = 1%, k = 2), t\u00edpica 0,016 g<br \/>\nAlimentaci\u00f3n Fuente de alimentaci\u00f3n CA<br \/>\nPrecisi\u00f3n de temperatura (\u00b1) 1,5 ppm \/ \u00b0 C<br \/>\nLegibilidad (certificada) 1 mg<br \/>\nDise\u00f1o higi\u00e9nico S\u00ed<br \/>\nN\u00famero de material 30133554<\/p>\n","protected":false},"excerpt":{"rendered":"<p>Especificaciones &#8211; Balanza analitica MS204TS \/ M00 Capacidad m\u00e1xima 220 g Legibilidad 0,1 mg Repetibilidad (prueba de Pesa) 0,1 mg (100 g) Pesada m\u00ednima de acuerdo a USP 0,1% 0,16 g Ajuste Interno \/ HECHO Di\u00e1metro del plato de pesaje 90 mm Pantalla Pantalla t\u00e1ctil TFT a color de 7 \u00bb Con autorizaci\u00f3n legal S\u00ed [&hellip;]<\/p>\n","protected":false},"featured_media":4651,"comment_status":"open","ping_status":"closed","template":"","meta":[],"class_list":{"0":"post-4650","1":"product","2":"type-product","3":"status-publish","4":"has-post-thumbnail","6":"product_cat-pesaje","7":"product_tag-mettler-toledo","9":"first","10":"instock","11":"shipping-taxable","12":"product-type-simple"},"_links":{"self":[{"href":"http:\/\/www.terratec.com.bo\/index.php?rest_route=\/wp\/v2\/product\/4650","targetHints":{"allow":["GET"]}}],"collection":[{"href":"http:\/\/www.terratec.com.bo\/index.php?rest_route=\/wp\/v2\/product"}],"about":[{"href":"http:\/\/www.terratec.com.bo\/index.php?rest_route=\/wp\/v2\/types\/product"}],"replies":[{"embeddable":true,"href":"http:\/\/www.terratec.com.bo\/index.php?rest_route=%2Fwp%2Fv2%2Fcomments&post=4650"}],"version-history":[{"count":1,"href":"http:\/\/www.terratec.com.bo\/index.php?rest_route=\/wp\/v2\/product\/4650\/revisions"}],"predecessor-version":[{"id":4652,"href":"http:\/\/www.terratec.com.bo\/index.php?rest_route=\/wp\/v2\/product\/4650\/revisions\/4652"}],"wp:featuredmedia":[{"embeddable":true,"href":"http:\/\/www.terratec.com.bo\/index.php?rest_route=\/wp\/v2\/media\/4651"}],"wp:attachment":[{"href":"http:\/\/www.terratec.com.bo\/index.php?rest_route=%2Fwp%2Fv2%2Fmedia&parent=4650"}],"curies":[{"name":"wp","href":"https:\/\/api.w.org\/{rel}","templated":true}]}}