{"id":4647,"date":"2019-11-11T13:46:54","date_gmt":"2019-11-11T12:46:54","guid":{"rendered":"http:\/\/www.terratec.com.bo\/?post_type=product&#038;p=4647"},"modified":"2020-05-19T02:04:35","modified_gmt":"2020-05-19T00:04:35","slug":"balanzas-de-precision-ml303t-00","status":"publish","type":"product","link":"http:\/\/www.terratec.com.bo\/?product=balanzas-de-precision-ml303t-00","title":{"rendered":"Balanzas de precision ML303T\/00"},"content":{"rendered":"<p style=\"text-align: left;\">Especificaciones &#8211; Balanzas de precisi\u00f3n ML303T \/ 00<br \/>\nCapacidad m\u00e1xima 320 g<br \/>\nLegibilidad 1 mg<br \/>\nInterfaces RS232; Dispositivo USB; USB host<br \/>\nAjuste Interno \/ HECHO<br \/>\nCon autorizaci\u00f3n legal No<br \/>\nDi\u00e1metro del plato de pesaje 120 mm<br \/>\nRepetibilidad (t\u00edpica) 0,7 mg<br \/>\nTiempo de estabilizaci\u00f3n 1,5 s<br \/>\nRepetibilidad (prueba de Pesa) 1 mg (100 g)<br \/>\nPesada m\u00ednima de acuerdo a USP 0,1% 1,4 g<br \/>\nLinealidad \u00b1 0,002 g<br \/>\nPantalla Pantalla t\u00e1ctil TFT a color de 4,5 pulgadas<br \/>\nDimensiones (FxAxA) 290 mm x 331 mm x 193 mm<br \/>\nAplicaciones Pesada diferencial; Control de peso; Recuento; Masa vol\u00famica; Pesaje din\u00e1mico; Pesaje con factor; Formulaci\u00f3n Pesaje porcentual; Totalizaci\u00f3n; Pesaje<br \/>\nConstrucci\u00f3n Aluminio fundido, pl\u00e1stico ABS<br \/>\nLinealidad tipica 0,6 mg<br \/>\nAlimentaci\u00f3n con bater\u00eda y fuente de alimentaci\u00f3n CA<br \/>\nPrecisi\u00f3n de temperatura (\u00b1) 3 ppm \/ \u00b0 C<br \/>\nResoluci\u00f3n 1 mg<br \/>\nDise\u00f1o higi\u00e9nico S\u00ed<br \/>\nN\u00famero de material 30243406<\/p>\n","protected":false},"excerpt":{"rendered":"<p>Especificaciones &#8211; Balanzas de precisi\u00f3n ML303T \/ 00 Capacidad m\u00e1xima 320 g Legibilidad 1 mg Interfaces RS232; Dispositivo USB; USB host Ajuste Interno \/ HECHO Con autorizaci\u00f3n legal No Di\u00e1metro del plato de pesaje 120 mm Repetibilidad (t\u00edpica) 0,7 mg Tiempo de estabilizaci\u00f3n 1,5 s Repetibilidad (prueba de Pesa) 1 mg (100 g) Pesada m\u00ednima [&hellip;]<\/p>\n","protected":false},"featured_media":4648,"comment_status":"open","ping_status":"closed","template":"","meta":[],"class_list":{"0":"post-4647","1":"product","2":"type-product","3":"status-publish","4":"has-post-thumbnail","6":"product_cat-pesaje","7":"product_tag-mettler-toledo","9":"first","10":"instock","11":"shipping-taxable","12":"product-type-simple"},"_links":{"self":[{"href":"http:\/\/www.terratec.com.bo\/index.php?rest_route=\/wp\/v2\/product\/4647","targetHints":{"allow":["GET"]}}],"collection":[{"href":"http:\/\/www.terratec.com.bo\/index.php?rest_route=\/wp\/v2\/product"}],"about":[{"href":"http:\/\/www.terratec.com.bo\/index.php?rest_route=\/wp\/v2\/types\/product"}],"replies":[{"embeddable":true,"href":"http:\/\/www.terratec.com.bo\/index.php?rest_route=%2Fwp%2Fv2%2Fcomments&post=4647"}],"version-history":[{"count":1,"href":"http:\/\/www.terratec.com.bo\/index.php?rest_route=\/wp\/v2\/product\/4647\/revisions"}],"predecessor-version":[{"id":4649,"href":"http:\/\/www.terratec.com.bo\/index.php?rest_route=\/wp\/v2\/product\/4647\/revisions\/4649"}],"wp:featuredmedia":[{"embeddable":true,"href":"http:\/\/www.terratec.com.bo\/index.php?rest_route=\/wp\/v2\/media\/4648"}],"wp:attachment":[{"href":"http:\/\/www.terratec.com.bo\/index.php?rest_route=%2Fwp%2Fv2%2Fmedia&parent=4647"}],"curies":[{"name":"wp","href":"https:\/\/api.w.org\/{rel}","templated":true}]}}