{"id":4638,"date":"2019-09-02T06:38:15","date_gmt":"2019-09-02T04:38:15","guid":{"rendered":"http:\/\/www.terratec.com.bo\/?post_type=product&#038;p=4638"},"modified":"2022-10-09T22:14:30","modified_gmt":"2022-10-09T20:14:30","slug":"inmunoturbidimetria","status":"publish","type":"product","link":"http:\/\/www.terratec.com.bo\/?product=inmunoturbidimetria","title":{"rendered":"INMUNOTURBIDIMETRIA"},"content":{"rendered":"<p style=\"text-align: left;\"><strong>Pruebas inmunoturbidim\u00e9tricas DiaSys<\/strong><\/p>\n<ul>\n<li style=\"text-align: left;\">Alb\u00famina en orina \/ LCR FS (microalb\u00famina)<\/li>\n<li style=\"text-align: left;\">oneHbA1c FS<\/li>\n<li style=\"text-align: left;\">Antistreptolisina O FS<\/li>\n<li style=\"text-align: left;\">Inmunoglobulina A FS<\/li>\n<li style=\"text-align: left;\">Apolipoprote\u00edna A1 FS<\/li>\n<li style=\"text-align: left;\">Inmunoglobulina E FS<\/li>\n<li style=\"text-align: left;\">Apolipoprote\u00edna B FS<\/li>\n<li style=\"text-align: left;\">Inmunoglobulina G FS<\/li>\n<li style=\"text-align: left;\">Complemento C3c FS<\/li>\n<li style=\"text-align: left;\">Inmunoglobulina M FS<\/li>\n<li style=\"text-align: left;\">Complemento C4 FS<\/li>\n<li style=\"text-align: left;\">Lp (a) 21 FS<\/li>\n<li style=\"text-align: left;\">CRP FS<\/li>\n<li style=\"text-align: left;\">Mioglobina FS<\/li>\n<li style=\"text-align: left;\">CRP U-hs (Universal y altamente sensible)<\/li>\n<li style=\"text-align: left;\">Prealb\u00famina FS<\/li>\n<li style=\"text-align: left;\">Cistatina C FS<\/li>\n<li style=\"text-align: left;\">Factor reumatoide FS<\/li>\n<li style=\"text-align: left;\">D\u00edmero D FS<\/li>\n<li style=\"text-align: left;\">Transferrina FS<\/li>\n<li style=\"text-align: left;\">Ferritina FS<\/li>\n<\/ul>\n","protected":false},"excerpt":{"rendered":"<p><strong>Inmunoturbidimetria<\/strong><br \/>\nLa inmunoturbidimetr\u00eda permite la determinaci\u00f3n cuantitativa<br \/>\nde prote\u00ednas por reacci\u00f3n espec\u00edfica ant\u00edgeno-anticuerpo. Esta<br \/>\nLa interacci\u00f3n provoca aglutinaci\u00f3n que conduce a la turbidez, lo que influye directamente en la intensidad de la luz transmitida.<br \/>\nEste \u00faltimo se mide fotom\u00e9tricamente y se correlaciona con la concentraci\u00f3n del analito en la muestra. Dos<br \/>\nson factibles los tipos de pruebas turbidim\u00e9tricas: directas y inmunoturbidimetr\u00eda mejorada con part\u00edculas. En la inmunoturbidimetr\u00eda directa, los anticuerpos forman un complejo inmune por apego directo a su ant\u00edgeno correspondiente.<\/p>\n<p><span style=\"color: #ff0000;\"><strong><a style=\"color: #ff0000;\" href=\"https:\/\/www.diasys-diagnostics.com\/products\/reagents\/immunoturbidimetry\/\">Mayor Informaci\u00f3n<\/a><\/strong><\/span><\/p>\n","protected":false},"featured_media":4780,"comment_status":"open","ping_status":"closed","template":"","meta":[],"class_list":{"0":"post-4638","1":"product","2":"type-product","3":"status-publish","4":"has-post-thumbnail","6":"product_cat-quimica-sanguinea","7":"product_tag-diasys","9":"first","10":"instock","11":"shipping-taxable","12":"product-type-simple"},"_links":{"self":[{"href":"http:\/\/www.terratec.com.bo\/index.php?rest_route=\/wp\/v2\/product\/4638","targetHints":{"allow":["GET"]}}],"collection":[{"href":"http:\/\/www.terratec.com.bo\/index.php?rest_route=\/wp\/v2\/product"}],"about":[{"href":"http:\/\/www.terratec.com.bo\/index.php?rest_route=\/wp\/v2\/types\/product"}],"replies":[{"embeddable":true,"href":"http:\/\/www.terratec.com.bo\/index.php?rest_route=%2Fwp%2Fv2%2Fcomments&post=4638"}],"version-history":[{"count":3,"href":"http:\/\/www.terratec.com.bo\/index.php?rest_route=\/wp\/v2\/product\/4638\/revisions"}],"predecessor-version":[{"id":4800,"href":"http:\/\/www.terratec.com.bo\/index.php?rest_route=\/wp\/v2\/product\/4638\/revisions\/4800"}],"wp:featuredmedia":[{"embeddable":true,"href":"http:\/\/www.terratec.com.bo\/index.php?rest_route=\/wp\/v2\/media\/4780"}],"wp:attachment":[{"href":"http:\/\/www.terratec.com.bo\/index.php?rest_route=%2Fwp%2Fv2%2Fmedia&parent=4638"}],"curies":[{"name":"wp","href":"https:\/\/api.w.org\/{rel}","templated":true}]}}